{"id":9,"date":"2020-05-27T21:13:54","date_gmt":"2020-05-27T21:13:54","guid":{"rendered":"http:\/\/blog.upsoftware.com.ar\/?page_id=9"},"modified":"2021-09-04T14:36:06","modified_gmt":"2021-09-04T14:36:06","slug":"contacto","status":"publish","type":"page","link":"https:\/\/www.upsoftware.com.ar\/blog\/contacto\/","title":{"rendered":"Contacto"},"content":{"rendered":"\n<p>Para contactarnos puede visitar nuestra web <a href=\"http:\/\/www.upsoftware.com.ar\/\"><\/a><a href=\"http:\/\/www.upsoftware.com.ar\/\">www.upsoftware.com.ar<\/a>, adem\u00e1s de poder conocer nuestros Software de Control de Producci\u00f3n y Planeamiento para la Industria Gr\u00e1fica.<\/p>\n\n\n\n<p><\/p>\n","protected":false},"excerpt":{"rendered":"<p>Para contactarnos puede visitar nuestra web www.upsoftware.com.ar, adem\u00e1s de poder conocer nuestros Software de Control de Producci\u00f3n y Planeamiento para la Industria Gr\u00e1fica.<\/p>\n","protected":false},"author":1,"featured_media":0,"parent":0,"menu_order":0,"comment_status":"closed","ping_status":"closed","template":"","meta":{"footnotes":""},"class_list":["post-9","page","type-page","status-publish","hentry"],"_links":{"self":[{"href":"https:\/\/www.upsoftware.com.ar\/blog\/wp-json\/wp\/v2\/pages\/9"}],"collection":[{"href":"https:\/\/www.upsoftware.com.ar\/blog\/wp-json\/wp\/v2\/pages"}],"about":[{"href":"https:\/\/www.upsoftware.com.ar\/blog\/wp-json\/wp\/v2\/types\/page"}],"author":[{"embeddable":true,"href":"https:\/\/www.upsoftware.com.ar\/blog\/wp-json\/wp\/v2\/users\/1"}],"replies":[{"embeddable":true,"href":"https:\/\/www.upsoftware.com.ar\/blog\/wp-json\/wp\/v2\/comments?post=9"}],"version-history":[{"count":4,"href":"https:\/\/www.upsoftware.com.ar\/blog\/wp-json\/wp\/v2\/pages\/9\/revisions"}],"predecessor-version":[{"id":135,"href":"https:\/\/www.upsoftware.com.ar\/blog\/wp-json\/wp\/v2\/pages\/9\/revisions\/135"}],"wp:attachment":[{"href":"https:\/\/www.upsoftware.com.ar\/blog\/wp-json\/wp\/v2\/media?parent=9"}],"curies":[{"name":"wp","href":"https:\/\/api.w.org\/{rel}","templated":true}]}}